{"id":245,"date":"2024-05-07T15:39:25","date_gmt":"2024-05-07T15:39:25","guid":{"rendered":"https:\/\/peru-alpaca-696159.hostingersite.com\/?page_id=245"},"modified":"2026-03-05T10:51:26","modified_gmt":"2026-03-05T09:51:26","slug":"sams","status":"publish","type":"page","link":"https:\/\/stecher-automation.de\/en\/sams\/","title":{"rendered":"S.A.M.S"},"content":{"rendered":"<div class=\"wp-block-uagb-container uagb-block-0b5ee520 alignfull uagb-is-root-container\"><div class=\"uagb-container-inner-blocks-wrap\">\n<div class=\"wp-block-uagb-container uagb-block-f2b57f35\">\n<div class=\"wp-block-uagb-advanced-heading uagb-block-85a37460  animated fadeInUp delay0.5 duration3 eds-on-scroll\"><h1 class=\"uagb-heading-text\">S.A.M.S - Stecher Automation Modular System<\/h1><p class=\"uagb-desc-text\">Stecher Automation GmbH<\/p><\/div>\n\n\n\n<p><\/p>\n<\/div>\n\n\n\n<div class=\"wp-block-uagb-container stack uag-blocks-common-selector uagb-block-1e6d2a39\">\n<div class=\"wp-block-uagb-container my-animation-zoom-mobile uagb-block-c7e5a3f1 alignfull uagb-is-root-container\"><div class=\"uagb-container-inner-blocks-wrap\">\n<p class=\"has-text-align-center has-ast-global-color-6-color has-text-color has-link-color wp-elements-a2707583da3c5f3ed2018791c0cdb9ba\" style=\"margin-top:0;margin-bottom:0;font-size:0.65rem\">SCROLL DOWN<\/p>\n\n\n      \n\t\t\t<div class=\"uagb-icon-wrapper uagb-block-6abca780  wp-block-uagb-icon--has-margin\"\n\t\t\tstyle=\"\" >\n\t\t\t\t\t\t\t\t<div class='uagb-icon-margin-wrapper'>\n\t\t\t\t\t\t\t\t\t<span class=\"uagb-svg-wrapper\" \n\t\t\t\t\t aria-label=\"chevron-down\"\t\t\t\t\ttabindex=\"0\">\t\t\n\t\t\t\t\t\t\t\t\t\t<svg xmlns=\"https:\/\/www.w3.org\/2000\/svg\" viewbox= \"0 0 448 512\" role=\"graphics-symbol\" aria-hidden=\"false\" aria-label=\"\"><path d=\"M224 416c-8.188 0-16.38-3.125-22.62-9.375l-192-192c-12.5-12.5-12.5-32.75 0-45.25s32.75-12.5 45.25 0L224 338.8l169.4-169.4c12.5-12.5 32.75-12.5 45.25 0s12.5 32.75 0 45.25l-192 192C240.4 412.9 232.2 416 224 416z\"><\/path><\/svg>\n\t\t\t\t\t\t\t\t\t<\/span>\n\t\t\t\t\t\t\t\t<\/div>\n\t\t\t\t\t\t\t<\/div>\n\t\t\t<\/div><\/div>\n<\/div>\n<\/div><\/div>\n\n\n\n<div id=\"Leitstand\" class=\"wp-block-uagb-container uagb-block-82a614b8 alignfull uagb-is-root-container\"><div class=\"uagb-container-inner-blocks-wrap\">\n<div class=\"wp-block-uagb-container uagb-block-41833e94 alignfull uagb-is-root-container\"><div class=\"uagb-container-inner-blocks-wrap\">\n<div class=\"wp-block-uagb-container uagb-block-9e494923\">\n<div class=\"wp-block-uagb-advanced-heading uagb-block-2a54dde0\"><h2 class=\"uagb-heading-text\">S.A.M.S. - for efficient process automation<\/h2><\/div>\n<\/div>\n<\/div><\/div>\n\n\n\n<div class=\"wp-block-uagb-advanced-heading uagb-block-d4eafda2\"><h3 class=\"uagb-heading-text\">Innovative automation solutions for machine tools<\/h3><\/div>\n\n\n\n<p><\/p>\n\n\n\n<div class=\"wp-block-uagb-container uagb-block-68ade6fe\">\n<div class=\"wp-block-uagb-container uagb-block-8682204e\">\n<p style=\"margin-bottom:0\">The<a href=\"https:\/\/stecher-automation.de\/en\/company\/\"> Stecher Automation Modular System<\/a> (S.A.M.S.) is a flexible, cost-effective solution for companies that are looking for an easy entry into automation and require maximum adaptability to individual processes. With its clear, intuitive operating concept and practical design, our modular system offers the ideal basis for <a href=\"https:\/\/www.pressebox.de\/newsroom\/stecher-automation-gmbh\" target=\"_blank\" rel=\"noopener\">Automated processes<\/a> - adapted to the needs of modern production environments.<\/p>\n\n\n\n<p style=\"margin-bottom:0\"><strong>Entry into automation - modular and future-proof<\/strong><\/p>\n\n\n\n<p style=\"margin-top:0\">S.A.M.S. offers a sophisticated modularity that allows you to adapt and expand processes step by step without complex control mechanisms such as AGVs (automated guided vehicles) or ERP systems. At the same time, the system is flexibly expandable and can scale with growing requirements so that you can react to new production requirements at any time.<\/p>\n\n\n\n<p style=\"margin-bottom:0\"><strong>Structure and function of the S.A.M.S.<\/strong><\/p>\n\n\n\n<p>The S.A.M.S. combines tried-and-tested functional modules that serve as the basis for automation solutions and can be combined according to specific requirements. This creates a future-proof solution that does not require complex control systems, but can be expanded at any time. You can draw on the entire modular function system to flexibly design the automation of your processes.<\/p>\n<\/div>\n\n\n\n<div class=\"wp-block-uagb-container uagb-block-d76cf9bc\">\n<div class=\"wp-block-uagb-advanced-heading uagb-block-82ff73fc\"><h5 class=\"uagb-heading-text\">ADVANTAGES OF THE S.A.M.S<\/h5><\/div>\n\n\n\n<div class=\"wp-block-uagb-icon-list uagb-block-3434fc5a  animated fadeInUp delay0.9 duration3 eds-on-scroll\"><div class=\"uagb-icon-list__wrap\">\n<div class=\"wp-block-uagb-icon-list-child uagb-block-5486e631\"><span class=\"uagb-icon-list__source-wrap\"><svg xmlns=\"https:\/\/www.w3.org\/2000\/svg\" viewbox=\"0 0 448 512\"><path d=\"M438.6 105.4C451.1 117.9 451.1 138.1 438.6 150.6L182.6 406.6C170.1 419.1 149.9 419.1 137.4 406.6L9.372 278.6C-3.124 266.1-3.124 245.9 9.372 233.4C21.87 220.9 42.13 220.9 54.63 233.4L159.1 338.7L393.4 105.4C405.9 92.88 426.1 92.88 438.6 105.4H438.6z\"><\/path><\/svg><\/span><span class=\"uagb-icon-list__label\">Modular system: Each module is component-neutral and can be adapted to customer-specific and process-specific requirements.<\/span><\/div>\n\n\n\n<div class=\"wp-block-uagb-icon-list-child uagb-block-b449a23a\"><span class=\"uagb-icon-list__source-wrap\"><svg xmlns=\"https:\/\/www.w3.org\/2000\/svg\" viewbox=\"0 0 448 512\"><path d=\"M438.6 105.4C451.1 117.9 451.1 138.1 438.6 150.6L182.6 406.6C170.1 419.1 149.9 419.1 137.4 406.6L9.372 278.6C-3.124 266.1-3.124 245.9 9.372 233.4C21.87 220.9 42.13 220.9 54.63 233.4L159.1 338.7L393.4 105.4C405.9 92.88 426.1 92.88 438.6 105.4H438.6z\"><\/path><\/svg><\/span><span class=\"uagb-icon-list__label\">Intuitive operation: Thanks to its simple operating concept, S.A.M.S. is quick and easy to use, making it ideal for newcomers to process automation.<\/span><\/div>\n\n\n\n<div class=\"wp-block-uagb-icon-list-child uagb-block-2f12df8d\"><span class=\"uagb-icon-list__source-wrap\"><svg xmlns=\"https:\/\/www.w3.org\/2000\/svg\" viewbox=\"0 0 448 512\"><path d=\"M438.6 105.4C451.1 117.9 451.1 138.1 438.6 150.6L182.6 406.6C170.1 419.1 149.9 419.1 137.4 406.6L9.372 278.6C-3.124 266.1-3.124 245.9 9.372 233.4C21.87 220.9 42.13 220.9 54.63 233.4L159.1 338.7L393.4 105.4C405.9 92.88 426.1 92.88 438.6 105.4H438.6z\"><\/path><\/svg><\/span><span class=\"uagb-icon-list__label\">Cost-efficient and tried and tested: Use a tried and tested solution that increases efficiency and secures your investment in the long term.<\/span><\/div>\n\n\n\n<div class=\"wp-block-uagb-icon-list-child uagb-block-a41d5c51\"><span class=\"uagb-icon-list__source-wrap\"><svg xmlns=\"https:\/\/www.w3.org\/2000\/svg\" viewbox=\"0 0 448 512\"><path d=\"M438.6 105.4C451.1 117.9 451.1 138.1 438.6 150.6L182.6 406.6C170.1 419.1 149.9 419.1 137.4 406.6L9.372 278.6C-3.124 266.1-3.124 245.9 9.372 233.4C21.87 220.9 42.13 220.9 54.63 233.4L159.1 338.7L393.4 105.4C405.9 92.88 426.1 92.88 438.6 105.4H438.6z\"><\/path><\/svg><\/span><span class=\"uagb-icon-list__label\">Scalable and future-proof: The modular design allows automation to be expanded at a later date without any restrictions.<\/span><\/div>\n<\/div><\/div>\n<\/div>\n<\/div>\n\n\n\n<div class=\"wp-block-uagb-slider uagb-block-2f19c3aa uagb-slider-container\"><div class=\"uagb-slides uagb-swiper\"><div class=\"swiper-wrapper\">\n<div class=\"wp-block-uagb-slider-child uagb-slider-child-wrap swiper-slide uagb-block-f4ac297a\"><div class=\"swiper-content\">\n<div class=\"wp-block-uagb-container zoom-in uagb-block-5035f1e4\">\n<div class=\"wp-block-uagb-image uagb-block-cf290915 wp-block-uagb-image--layout-default wp-block-uagb-image--effect-static wp-block-uagb-image--align-none\"><figure class=\"wp-block-uagb-image__figure\"><img decoding=\"async\" srcset=\"https:\/\/stecher-automation.de\/wp-content\/uploads\/2024\/05\/matrix-big-l.jpg ,https:\/\/stecher-automation.de\/wp-content\/uploads\/2024\/05\/matrix-big-l.jpg 780w, https:\/\/stecher-automation.de\/wp-content\/uploads\/2024\/05\/matrix-big-l.jpg 360w\" sizes=\"auto, (max-width: 480px) 150px\" src=\"https:\/\/stecher-automation.de\/wp-content\/uploads\/2024\/05\/matrix-big-l.jpg\" alt=\"S.A.M.S\" class=\"uag-image-293\" width=\"800\" height=\"800\" title=\"matrix-big-l\" loading=\"lazy\" role=\"img\"\/><\/figure><\/div>\n<\/div>\n<\/div><\/div>\n<\/div><\/div><div class=\"swiper-pagination\"><\/div><\/div>\n<\/div><\/div>\n\n\n\n<div class=\"wp-block-uagb-container uagb-block-5f14c1e9 alignfull uagb-is-root-container\"><div class=\"uagb-container-inner-blocks-wrap\">\n<div class=\"wp-block-uagb-advanced-heading uagb-block-ab914814\"><p class=\"uagb-desc-text\">TEAM<\/p><h2 class=\"uagb-heading-text\">Any questions?<\/h2><\/div>\n\n\n\n<div class=\"wp-block-uagb-container uagb-block-c5d66e03\">\n<div class=\"wp-block-uagb-container team-member-hover  animated fadeInUp delay0.5 duration3 eds-on-scroll uagb-block-a91af683\">\n<div class=\"wp-block-uagb-image uagb-block-86b0c357 wp-block-uagb-image--layout-default wp-block-uagb-image--effect-static wp-block-uagb-image--align-none\"><figure class=\"wp-block-uagb-image__figure\"><img decoding=\"async\" srcset=\"https:\/\/stecher-automation.de\/wp-content\/uploads\/2024\/05\/helbig.jpg ,https:\/\/stecher-automation.de\/wp-content\/uploads\/2024\/05\/helbig.jpg 780w, https:\/\/stecher-automation.de\/wp-content\/uploads\/2024\/05\/helbig.jpg 360w\" sizes=\"auto, (max-width: 480px) 150px\" src=\"https:\/\/stecher-automation.de\/wp-content\/uploads\/2024\/05\/helbig.jpg\" alt=\"Team Member\" class=\"uag-image-162\" width=\"686\" height=\"395\" title=\"helbig\" loading=\"lazy\" role=\"img\"\/><\/figure><\/div>\n\n\n\n<div class=\"wp-block-uagb-advanced-heading uagb-block-24e245c5\"><h3 class=\"uagb-heading-text\"><strong>Ren\u00e9 Helbig<\/strong><\/h3><p class=\"uagb-desc-text\">Chief Operating Officer<\/p><\/div>\n<\/div>\n\n\n\n<div class=\"wp-block-uagb-container team-member-hover  animated fadeInUp delay0.7 duration3 eds-on-scroll uagb-block-ac6e8754\">\n<div class=\"wp-block-uagb-image uagb-block-46fbd23a wp-block-uagb-image--layout-default wp-block-uagb-image--effect-static wp-block-uagb-image--align-none\"><figure class=\"wp-block-uagb-image__figure\"><img decoding=\"async\" srcset=\"https:\/\/stecher-automation.de\/wp-content\/uploads\/2024\/05\/stecher.jpg ,https:\/\/stecher-automation.de\/wp-content\/uploads\/2024\/05\/stecher.jpg 780w, https:\/\/stecher-automation.de\/wp-content\/uploads\/2024\/05\/stecher.jpg 360w\" sizes=\"auto, (max-width: 480px) 150px\" src=\"https:\/\/stecher-automation.de\/wp-content\/uploads\/2024\/05\/stecher.jpg\" alt=\"Team Member\" class=\"uag-image-163\" width=\"686\" height=\"395\" title=\"engraver\" loading=\"lazy\" role=\"img\"\/><\/figure><\/div>\n\n\n\n<div class=\"wp-block-uagb-advanced-heading uagb-block-93b80b89\"><h3 class=\"uagb-heading-text\"><strong><strong>Simon Stecher<\/strong><\/strong><\/h3><p class=\"uagb-desc-text\">Member of the Board<\/p><\/div>\n<\/div>\n<\/div>\n\n\n\n<div class=\"wp-block-uagb-container  animated fadeInUp delay0.9 duration3 eds-on-scroll uagb-block-a4a59e22\">\n<div class=\"wp-block-uagb-container team-member-hover uagb-block-854fc41f\">\n<div class=\"wp-block-uagb-image uagb-block-38b93714 wp-block-uagb-image--layout-default wp-block-uagb-image--effect-static wp-block-uagb-image--align-none\"><figure class=\"wp-block-uagb-image__figure\"><img decoding=\"async\" srcset=\"https:\/\/stecher-automation.de\/wp-content\/uploads\/2024\/05\/martin.jpg ,https:\/\/stecher-automation.de\/wp-content\/uploads\/2024\/05\/martin.jpg 780w, https:\/\/stecher-automation.de\/wp-content\/uploads\/2024\/05\/martin.jpg 360w\" sizes=\"auto, (max-width: 480px) 150px\" src=\"https:\/\/stecher-automation.de\/wp-content\/uploads\/2024\/05\/martin.jpg\" alt=\"Team Member\" class=\"uag-image-175\" width=\"686\" height=\"395\" title=\"martin\" loading=\"lazy\" role=\"img\"\/><\/figure><\/div>\n\n\n\n<div class=\"wp-block-uagb-advanced-heading uagb-block-ae925f22\"><h3 class=\"uagb-heading-text\"><strong><strong>Julian Martin<\/strong><\/strong><\/h3><p class=\"uagb-desc-text\">CTO (Chief Technology Officer)<\/p><\/div>\n<\/div>\n\n\n\n<div class=\"wp-block-uagb-container team-member-hover uagb-block-c3a45e64\">\n<div class=\"wp-block-uagb-advanced-heading uagb-block-ec9625e8\"><\/div>\n<\/div>\n<\/div>\n<\/div><\/div>","protected":false},"excerpt":{"rendered":"<p>S.A.M.S \u2013 Stecher Automation Modular System Stecher Automation GmbH SCROLL DOWN S.A.M.S. \u2013 f\u00fcr effiziente Prozessautomatisierung Innovative Automatisierungsl\u00f6sungen f\u00fcr Werkzeugmaschinen [&hellip;]<\/p>\n","protected":false},"author":4,"featured_media":0,"parent":0,"menu_order":0,"comment_status":"closed","ping_status":"closed","template":"","meta":{"_uag_custom_page_level_css":".stack {\n  position: absolute !important;\n}","site-sidebar-layout":"default","site-content-layout":"","ast-site-content-layout":"default","site-content-style":"default","site-sidebar-style":"default","ast-global-header-display":"","ast-banner-title-visibility":"","ast-main-header-display":"","ast-hfb-above-header-display":"","ast-hfb-below-header-display":"","ast-hfb-mobile-header-display":"","site-post-title":"disabled","ast-breadcrumbs-content":"","ast-featured-img":"","footer-sml-layout":"","ast-disable-related-posts":"","theme-transparent-header-meta":"","adv-header-id-meta":"","stick-header-meta":"","header-above-stick-meta":"","header-main-stick-meta":"","header-below-stick-meta":"","astra-migrate-meta-layouts":"default","ast-page-background-enabled":"default","ast-page-background-meta":{"desktop":{"background-color":"var(--ast-global-color-4)","background-image":"","background-repeat":"repeat","background-position":"center center","background-size":"auto","background-attachment":"scroll","background-type":"","background-media":"","overlay-type":"","overlay-color":"","overlay-opacity":"","overlay-gradient":""},"tablet":{"background-color":"","background-image":"","background-repeat":"repeat","background-position":"center center","background-size":"auto","background-attachment":"scroll","background-type":"","background-media":"","overlay-type":"","overlay-color":"","overlay-opacity":"","overlay-gradient":""},"mobile":{"background-color":"","background-image":"","background-repeat":"repeat","background-position":"center center","background-size":"auto","background-attachment":"scroll","background-type":"","background-media":"","overlay-type":"","overlay-color":"","overlay-opacity":"","overlay-gradient":""}},"ast-content-background-meta":{"desktop":{"background-color":"var(--ast-global-color-5)","background-image":"","background-repeat":"repeat","background-position":"center center","background-size":"auto","background-attachment":"scroll","background-type":"","background-media":"","overlay-type":"","overlay-color":"","overlay-opacity":"","overlay-gradient":""},"tablet":{"background-color":"var(--ast-global-color-5)","background-image":"","background-repeat":"repeat","background-position":"center center","background-size":"auto","background-attachment":"scroll","background-type":"","background-media":"","overlay-type":"","overlay-color":"","overlay-opacity":"","overlay-gradient":""},"mobile":{"background-color":"var(--ast-global-color-5)","background-image":"","background-repeat":"repeat","background-position":"center center","background-size":"auto","background-attachment":"scroll","background-type":"","background-media":"","overlay-type":"","overlay-color":"","overlay-opacity":"","overlay-gradient":""}},"footnotes":""},"class_list":["post-245","page","type-page","status-publish","hentry"],"uagb_featured_image_src":{"full":false,"thumbnail":false,"medium":false,"medium_large":false,"large":false,"1536x1536":false,"2048x2048":false,"trp-custom-language-flag":false},"uagb_author_info":{"display_name":"Jonas","author_link":"https:\/\/stecher-automation.de\/en\/author\/jonas\/"},"uagb_comment_info":0,"uagb_excerpt":"S.A.M.S \u2013 Stecher Automation Modular System Stecher Automation GmbH SCROLL DOWN S.A.M.S. \u2013 f\u00fcr effiziente Prozessautomatisierung Innovative Automatisierungsl\u00f6sungen f\u00fcr Werkzeugmaschinen [&hellip;]","_links":{"self":[{"href":"https:\/\/stecher-automation.de\/en\/wp-json\/wp\/v2\/pages\/245","targetHints":{"allow":["GET"]}}],"collection":[{"href":"https:\/\/stecher-automation.de\/en\/wp-json\/wp\/v2\/pages"}],"about":[{"href":"https:\/\/stecher-automation.de\/en\/wp-json\/wp\/v2\/types\/page"}],"author":[{"embeddable":true,"href":"https:\/\/stecher-automation.de\/en\/wp-json\/wp\/v2\/users\/4"}],"replies":[{"embeddable":true,"href":"https:\/\/stecher-automation.de\/en\/wp-json\/wp\/v2\/comments?post=245"}],"version-history":[{"count":16,"href":"https:\/\/stecher-automation.de\/en\/wp-json\/wp\/v2\/pages\/245\/revisions"}],"predecessor-version":[{"id":2649,"href":"https:\/\/stecher-automation.de\/en\/wp-json\/wp\/v2\/pages\/245\/revisions\/2649"}],"wp:attachment":[{"href":"https:\/\/stecher-automation.de\/en\/wp-json\/wp\/v2\/media?parent=245"}],"curies":[{"name":"wp","href":"https:\/\/api.w.org\/{rel}","templated":true}]}}