{"id":38,"date":"2024-05-02T13:39:08","date_gmt":"2024-05-02T13:39:08","guid":{"rendered":"https:\/\/peru-alpaca-696159.hostingersite.com\/?page_id=38"},"modified":"2026-03-05T10:53:13","modified_gmt":"2026-03-05T09:53:13","slug":"company","status":"publish","type":"page","link":"https:\/\/stecher-automation.de\/en\/unternehmen\/","title":{"rendered":"Company"},"content":{"rendered":"<div class=\"wp-block-uagb-container uagb-block-0b5ee520 alignfull uagb-is-root-container\"><div class=\"uagb-container-inner-blocks-wrap\">\n<div class=\"wp-block-uagb-container uagb-block-f2b57f35\">\n<div class=\"wp-block-uagb-advanced-heading uagb-block-85a37460  animated fadeInUp delay0.5 duration3 eds-on-scroll\"><h1 class=\"uagb-heading-text\">Company<\/h1><p class=\"uagb-desc-text\">Stecher Automation GmbH<\/p><\/div>\n<\/div>\n<\/div><\/div>\n\n\n\n<div class=\"wp-block-uagb-container uagb-block-918547af alignfull uagb-is-root-container\"><div class=\"uagb-container-inner-blocks-wrap\">\n<div class=\"wp-block-uagb-container uagb-block-137cf09f\">\n<div class=\"wp-block-uagb-container uagb-block-19146efb\">\n<div class=\"wp-block-uagb-advanced-heading uagb-block-57f89ddb  animated fadeInUp delay0.7 duration3 eds-on-scroll\"><p class=\"uagb-desc-text\">COMPANY<\/p><h2 class=\"uagb-heading-text\">We are<br>Stecher Automation <br>Ltd.<\/h2><\/div>\n\n\n\n<div class=\"wp-block-uagb-advanced-heading uagb-block-1a7348cb  animated fadeInUp delay0.9 duration3 eds-on-scroll\"><p class=\"uagb-heading-text\">For more than&nbsp;<strong>10 years<\/strong>&nbsp;we stand for cross-process automation solutions in production. With the Stecher Group's practical production know-how of over 50 years, our approximately 35 employees act as a full-service partner from conception to maintenance as a unit and are efficiency drivers in your value chain. We offer full expertise in all facets of automation. Even as a stand-alone platform solution, our matrix cell increases productivity and flexibility for your process segments.<br><br>We are your partner for the step-by-step integration of individual workstation solutions through to the Smart Factory.<\/p><\/div>\n\n\n\n<div class=\"wp-block-uagb-icon-list uagb-block-809e1510  animated fadeInUp delay0.9 duration3 eds-on-scroll\"><div class=\"uagb-icon-list__wrap\">\n<div class=\"wp-block-uagb-icon-list-child uagb-block-aa40ecf4\"><span class=\"uagb-icon-list__source-wrap\"><svg xmlns=\"https:\/\/www.w3.org\/2000\/svg\" viewbox=\"0 0 448 512\"><path d=\"M438.6 105.4C451.1 117.9 451.1 138.1 438.6 150.6L182.6 406.6C170.1 419.1 149.9 419.1 137.4 406.6L9.372 278.6C-3.124 266.1-3.124 245.9 9.372 233.4C21.87 220.9 42.13 220.9 54.63 233.4L159.1 338.7L393.4 105.4C405.9 92.88 426.1 92.88 438.6 105.4H438.6z\"><\/path><\/svg><\/span><span class=\"uagb-icon-list__label\">System partner of Kuka<\/span><\/div>\n\n\n\n<div class=\"wp-block-uagb-icon-list-child uagb-block-cbb866c5\"><span class=\"uagb-icon-list__source-wrap\"><svg xmlns=\"https:\/\/www.w3.org\/2000\/svg\" viewbox=\"0 0 448 512\"><path d=\"M438.6 105.4C451.1 117.9 451.1 138.1 438.6 150.6L182.6 406.6C170.1 419.1 149.9 419.1 137.4 406.6L9.372 278.6C-3.124 266.1-3.124 245.9 9.372 233.4C21.87 220.9 42.13 220.9 54.63 233.4L159.1 338.7L393.4 105.4C405.9 92.88 426.1 92.88 438.6 105.4H438.6z\"><\/path><\/svg><\/span><span class=\"uagb-icon-list__label\">Family business<\/span><\/div>\n\n\n\n<div class=\"wp-block-uagb-icon-list-child uagb-block-6cbfe0c1\"><span class=\"uagb-icon-list__source-wrap\"><svg xmlns=\"https:\/\/www.w3.org\/2000\/svg\" viewbox=\"0 0 448 512\"><path d=\"M438.6 105.4C451.1 117.9 451.1 138.1 438.6 150.6L182.6 406.6C170.1 419.1 149.9 419.1 137.4 406.6L9.372 278.6C-3.124 266.1-3.124 245.9 9.372 233.4C21.87 220.9 42.13 220.9 54.63 233.4L159.1 338.7L393.4 105.4C405.9 92.88 426.1 92.88 438.6 105.4H438.6z\"><\/path><\/svg><\/span><span class=\"uagb-icon-list__label\">In-house development<\/span><\/div>\n\n\n\n<div class=\"wp-block-uagb-icon-list-child uagb-block-e7518c90\"><span class=\"uagb-icon-list__source-wrap\"><svg xmlns=\"https:\/\/www.w3.org\/2000\/svg\" viewbox=\"0 0 448 512\"><path d=\"M438.6 105.4C451.1 117.9 451.1 138.1 438.6 150.6L182.6 406.6C170.1 419.1 149.9 419.1 137.4 406.6L9.372 278.6C-3.124 266.1-3.124 245.9 9.372 233.4C21.87 220.9 42.13 220.9 54.63 233.4L159.1 338.7L393.4 105.4C405.9 92.88 426.1 92.88 438.6 105.4H438.6z\"><\/path><\/svg><\/span><span class=\"uagb-icon-list__label\">Short decision-making processes<\/span><\/div>\n<\/div><\/div>\n<\/div>\n\n\n\n<div class=\"wp-block-uagb-container uagb-block-3b65c79e\">\n<div class=\"wp-block-columns is-layout-flex wp-container-core-columns-is-layout-28f84493 wp-block-columns-is-layout-flex\">\n<div class=\"wp-block-column is-layout-flow wp-block-column-is-layout-flow\">\n<div class=\"wp-block-uagb-image uagb-block-bc827cc4 wp-block-uagb-image--layout-default wp-block-uagb-image--effect-static wp-block-uagb-image--align-none  animated fadeInUp delay0.5 duration3 eds-on-scroll\"><figure class=\"wp-block-uagb-image__figure\"><img decoding=\"async\" srcset=\"https:\/\/stecher-automation.de\/wp-content\/uploads\/2024\/05\/Company_1-1024x768.jpg ,https:\/\/stecher-automation.de\/wp-content\/uploads\/2024\/05\/Company_1-scaled.jpg 780w, https:\/\/stecher-automation.de\/wp-content\/uploads\/2024\/05\/Company_1-1024x768.jpg 360w\" sizes=\"auto, (max-width: 480px) 150px\" src=\"https:\/\/stecher-automation.de\/wp-content\/uploads\/2024\/05\/Company_1-1024x768.jpg\" alt=\"About Image\" class=\"uag-image-149\" width=\"1024\" height=\"768\" title=\"Company_1\" loading=\"lazy\" role=\"img\"\/><\/figure><\/div>\n\n\n\n<div class=\"wp-block-uagb-image uagb-block-812e4d86 wp-block-uagb-image--layout-default wp-block-uagb-image--effect-static wp-block-uagb-image--align-none  animated fadeInUp delay0.7 duration3 eds-on-scroll\"><figure class=\"wp-block-uagb-image__figure\"><img decoding=\"async\" srcset=\"https:\/\/stecher-automation.de\/wp-content\/uploads\/2024\/05\/Company_3.png ,https:\/\/stecher-automation.de\/wp-content\/uploads\/2024\/05\/Company_3.png 780w, https:\/\/stecher-automation.de\/wp-content\/uploads\/2024\/05\/Company_3.png 360w\" sizes=\"auto, (max-width: 480px) 150px\" src=\"https:\/\/stecher-automation.de\/wp-content\/uploads\/2024\/05\/Company_3.png\" alt=\"About Image\" class=\"uag-image-151\" width=\"940\" height=\"788\" title=\"Company_3\" loading=\"lazy\" role=\"img\"\/><\/figure><\/div>\n<\/div>\n\n\n\n<div class=\"wp-block-column is-vertically-aligned-center is-layout-flow wp-block-column-is-layout-flow\">\n<div class=\"wp-block-uagb-image uagb-block-60ca26c7 wp-block-uagb-image--layout-default wp-block-uagb-image--effect-static wp-block-uagb-image--align-none  animated fadeInUp delay0.9 duration3 eds-on-scroll\"><figure class=\"wp-block-uagb-image__figure\"><img decoding=\"async\" srcset=\"https:\/\/stecher-automation.de\/wp-content\/uploads\/2024\/05\/Company_2-683x1024.jpg ,https:\/\/stecher-automation.de\/wp-content\/uploads\/2024\/05\/Company_2-scaled.jpg 780w, https:\/\/stecher-automation.de\/wp-content\/uploads\/2024\/05\/Company_2-683x1024.jpg 360w\" sizes=\"auto, (max-width: 480px) 150px\" src=\"https:\/\/stecher-automation.de\/wp-content\/uploads\/2024\/05\/Company_2-683x1024.jpg\" alt=\"About Image\" class=\"uag-image-150\" width=\"683\" height=\"1024\" title=\"Company_2\" loading=\"lazy\" role=\"img\"\/><\/figure><\/div>\n<\/div>\n<\/div>\n<\/div>\n<\/div>\n<\/div><\/div>\n\n\n\n<div class=\"wp-block-uagb-container uagb-block-e2629215 alignfull uagb-is-root-container\"><div class=\"uagb-container-inner-blocks-wrap\">\n<div class=\"wp-block-uagb-container uagb-block-e89d29c6\">\n<div class=\"wp-block-uagb-container uagb-block-0d7d7ef4\">\n<div class=\"wp-block-uagb-counter uagb-block-1d792a40 wp-block-uagb-counter--number  animated fadeInUp delay0.5 duration3 eds-on-scroll\"><div class=\"wp-block-uagb-counter__number\"><span class=\"uagb-counter-block-number\" data-duration=\"1.5\" data-to-value=\"30\" data-from-value=\"0\" data-delimiter=\",\"><\/span><span class=\"uagb-counter-block-suffix\">+<\/span><\/div><div class=\"wp-block-uagb-counter__title\">Employees<\/div><\/div>\n\n\n\n<div class=\"wp-block-uagb-counter uagb-block-dd52e5c4 wp-block-uagb-counter--number  animated fadeInUp delay0.7 duration3 eds-on-scroll\"><div class=\"wp-block-uagb-counter__number\"><span class=\"uagb-counter-block-number\" data-duration=\"1.5\" data-to-value=\"10\" data-from-value=\"0\" data-delimiter=\",\"><\/span><span class=\"uagb-counter-block-suffix\">+<\/span><\/div><div class=\"wp-block-uagb-counter__title\">Years of experience in automation<\/div><\/div>\n\n\n\n<div class=\"wp-block-uagb-counter uagb-block-a03aae40 wp-block-uagb-counter--number  animated fadeInUp delay0.9 duration3 eds-on-scroll\"><div class=\"wp-block-uagb-counter__number\"><span class=\"uagb-counter-block-number\" data-duration=\"1.5\" data-to-value=\"50\" data-from-value=\"0\" data-delimiter=\",\"><\/span><span class=\"uagb-counter-block-suffix\">+<\/span><\/div><div class=\"wp-block-uagb-counter__title\">Years of experience in production<\/div><\/div>\n<\/div>\n<\/div>\n<\/div><\/div>\n\n\n\n<div class=\"wp-block-uagb-container uagb-block-5f14c1e9 alignfull uagb-is-root-container\"><div class=\"uagb-container-inner-blocks-wrap\">\n<div class=\"wp-block-uagb-advanced-heading uagb-block-ab914814\"><p class=\"uagb-desc-text\">TEAM<\/p><h2 class=\"uagb-heading-text\">Any questions?<\/h2><\/div>\n\n\n\n<div class=\"wp-block-uagb-container uagb-block-c5d66e03\">\n<div class=\"wp-block-uagb-container team-member-hover  animated fadeInUp delay0.5 duration3 eds-on-scroll uagb-block-a91af683\">\n<div class=\"wp-block-uagb-image uagb-block-86b0c357 wp-block-uagb-image--layout-default wp-block-uagb-image--effect-static wp-block-uagb-image--align-none\"><figure class=\"wp-block-uagb-image__figure\"><img decoding=\"async\" srcset=\"https:\/\/stecher-automation.de\/wp-content\/uploads\/2024\/05\/helbig.jpg ,https:\/\/stecher-automation.de\/wp-content\/uploads\/2024\/05\/helbig.jpg 780w, https:\/\/stecher-automation.de\/wp-content\/uploads\/2024\/05\/helbig.jpg 360w\" sizes=\"auto, (max-width: 480px) 150px\" src=\"https:\/\/stecher-automation.de\/wp-content\/uploads\/2024\/05\/helbig.jpg\" alt=\"Team Member\" class=\"uag-image-162\" width=\"686\" height=\"395\" title=\"helbig\" loading=\"lazy\" role=\"img\"\/><\/figure><\/div>\n\n\n\n<div class=\"wp-block-uagb-advanced-heading uagb-block-24e245c5\"><h3 class=\"uagb-heading-text\"><strong>Ren\u00e9 Helbig<\/strong><\/h3><p class=\"uagb-desc-text\">Chief Operating Officer<\/p><\/div>\n<\/div>\n\n\n\n<div class=\"wp-block-uagb-container team-member-hover  animated fadeInUp delay0.7 duration3 eds-on-scroll uagb-block-ac6e8754\">\n<div class=\"wp-block-uagb-image uagb-block-46fbd23a wp-block-uagb-image--layout-default wp-block-uagb-image--effect-static wp-block-uagb-image--align-none\"><figure class=\"wp-block-uagb-image__figure\"><img decoding=\"async\" srcset=\"https:\/\/stecher-automation.de\/wp-content\/uploads\/2024\/05\/stecher.jpg ,https:\/\/stecher-automation.de\/wp-content\/uploads\/2024\/05\/stecher.jpg 780w, https:\/\/stecher-automation.de\/wp-content\/uploads\/2024\/05\/stecher.jpg 360w\" sizes=\"auto, (max-width: 480px) 150px\" src=\"https:\/\/stecher-automation.de\/wp-content\/uploads\/2024\/05\/stecher.jpg\" alt=\"Team Member\" class=\"uag-image-163\" width=\"686\" height=\"395\" title=\"engraver\" loading=\"lazy\" role=\"img\"\/><\/figure><\/div>\n\n\n\n<div class=\"wp-block-uagb-advanced-heading uagb-block-93b80b89\"><h3 class=\"uagb-heading-text\"><strong><strong>Simon Stecher<\/strong><\/strong><\/h3><p class=\"uagb-desc-text\">Member of the Board<\/p><\/div>\n<\/div>\n<\/div>\n\n\n\n<div class=\"wp-block-uagb-container  animated fadeInUp delay0.9 duration3 eds-on-scroll uagb-block-a4a59e22\">\n<div class=\"wp-block-uagb-container team-member-hover uagb-block-854fc41f\">\n<div class=\"wp-block-uagb-image uagb-block-38b93714 wp-block-uagb-image--layout-default wp-block-uagb-image--effect-static wp-block-uagb-image--align-none\"><figure class=\"wp-block-uagb-image__figure\"><img decoding=\"async\" srcset=\"https:\/\/stecher-automation.de\/wp-content\/uploads\/2024\/05\/martin.jpg ,https:\/\/stecher-automation.de\/wp-content\/uploads\/2024\/05\/martin.jpg 780w, https:\/\/stecher-automation.de\/wp-content\/uploads\/2024\/05\/martin.jpg 360w\" sizes=\"auto, (max-width: 480px) 150px\" src=\"https:\/\/stecher-automation.de\/wp-content\/uploads\/2024\/05\/martin.jpg\" alt=\"Team Member\" class=\"uag-image-175\" width=\"686\" height=\"395\" title=\"martin\" loading=\"lazy\" role=\"img\"\/><\/figure><\/div>\n\n\n\n<div class=\"wp-block-uagb-advanced-heading uagb-block-ae925f22\"><h3 class=\"uagb-heading-text\"><strong><strong>Julian Martin<\/strong><\/strong><\/h3><p class=\"uagb-desc-text\">CTO (Chief Technology Officer)<\/p><\/div>\n<\/div>\n\n\n\n<div class=\"wp-block-uagb-container team-member-hover uagb-block-c3a45e64\"><\/div>\n<\/div>\n<\/div><\/div>\n\n\n\n<div class=\"wp-block-uagb-container uagb-block-c19c9331 alignfull uagb-is-root-container\"><div class=\"uagb-container-inner-blocks-wrap\">\n<div class=\"wp-block-uagb-container uagb-block-b5390d76\">\n<div class=\"wp-block-uagb-container uagb-block-8dd51b61\">\n<div class=\"wp-block-uagb-image uagb-block-f47ac709 wp-block-uagb-image--layout-default wp-block-uagb-image--effect-static wp-block-uagb-image--align-none  animated fadeInUp delay0.5 duration3 eds-on-scroll\"><figure class=\"wp-block-uagb-image__figure\"><img decoding=\"async\" srcset=\"https:\/\/stecher-automation.de\/wp-content\/uploads\/2024\/10\/Messe-Heilbronn-11-1024x768.png ,https:\/\/stecher-automation.de\/wp-content\/uploads\/2024\/10\/Messe-Heilbronn-11.png 780w, https:\/\/stecher-automation.de\/wp-content\/uploads\/2024\/10\/Messe-Heilbronn-11.png 360w\" sizes=\"auto, (max-width: 480px) 150px\" src=\"https:\/\/stecher-automation.de\/wp-content\/uploads\/2024\/10\/Messe-Heilbronn-11-1024x768.png\" alt=\"\" class=\"uag-image-1651\" width=\"1024\" height=\"768\" title=\"Joshua and Reinhold\" loading=\"lazy\" role=\"img\"\/><\/figure><\/div>\n<\/div>\n\n\n\n<div class=\"wp-block-uagb-container uagb-block-36ecc975\">\n<div class=\"wp-block-uagb-advanced-heading uagb-block-ef0a98b9  animated fadeInUp delay0.7 duration3 eds-on-scroll\"><p class=\"uagb-desc-text\">Jobs<\/p><h2 class=\"uagb-heading-text\">Current <br>Vacancies<\/h2><\/div>\n\n\n\n<div class=\"wp-block-uagb-advanced-heading uagb-block-5f01cc44  animated fadeInUp delay0.9 duration3 eds-on-scroll\"><p class=\"uagb-heading-text\">Flat hierarchies, goal-oriented thinking and individual support. We value and develop personalities. Stecher Automation GmbH offers a creative working environment, individual scope for design and is one of the leading employers in automation in the region.<\/p><\/div>\n<\/div>\n<\/div>\n\n\n\n<div class=\"wp-block-uagb-buttons uagb-buttons__outer-wrap uagb-btn__default-btn uagb-btn-tablet__default-btn uagb-btn-mobile__default-btn uagb-block-2810e3ac  animated fadeInUp delay1 duration3 eds-on-scroll\"><div class=\"uagb-buttons__wrap uagb-buttons-layout-wrap\">\n<div class=\"wp-block-uagb-buttons-child uagb-buttons__outer-wrap uagb-block-696fb6a3 wp-block-button\"><div class=\"uagb-button__wrapper\"><a class=\"uagb-buttons-repeater wp-block-button__link\" aria-label=\"\" href=\"\/en\/career\/\" rel=\"follow noopener\" target=\"_self\" role=\"button\"><div class=\"uagb-button__link\">Current jobs &amp; vacancies at Stecher Automation GmbH<\/div><span class=\"uagb-button__icon uagb-button__icon-position-after\"><svg xmlns=\"https:\/\/www.w3.org\/2000\/svg\" viewbox=\"0 0 448 512\" aria-hidden=\"true\" focussable=\"false\"><path d=\"M256 64C256 46.33 270.3 32 288 32H415.1C415.1 32 415.1 32 415.1 32C420.3 32 424.5 32.86 428.2 34.43C431.1 35.98 435.5 38.27 438.6 41.3C438.6 41.35 438.6 41.4 438.7 41.44C444.9 47.66 447.1 55.78 448 63.9C448 63.94 448 63.97 448 64V192C448 209.7 433.7 224 416 224C398.3 224 384 209.7 384 192V141.3L214.6 310.6C202.1 323.1 181.9 323.1 169.4 310.6C156.9 298.1 156.9 277.9 169.4 265.4L338.7 96H288C270.3 96 256 81.67 256 64V64zM0 128C0 92.65 28.65 64 64 64H160C177.7 64 192 78.33 192 96C192 113.7 177.7 128 160 128H64V416H352V320C352 302.3 366.3 288 384 288C401.7 288 416 302.3 416 320V416C416 451.3 387.3 480 352 480H64C28.65 480 0 451.3 0 416V128z\"><\/path><\/svg><\/span><\/a><\/div><\/div>\n<\/div><\/div>\n<\/div><\/div>","protected":false},"excerpt":{"rendered":"<p>Unternehmen Stecher Automation GmbH UNTERNEHMEN We areStecher Automation GmbH Seit mehr als&nbsp;10 Jahren&nbsp;stehen wir f\u00fcr prozess\u00fcbergreifende Automatisierungsl\u00f6sungen in der Produktion. [&hellip;]<\/p>\n","protected":false},"author":4,"featured_media":0,"parent":0,"menu_order":0,"comment_status":"closed","ping_status":"closed","template":"","meta":{"_uag_custom_page_level_css":"","site-sidebar-layout":"default","site-content-layout":"","ast-site-content-layout":"default","site-content-style":"default","site-sidebar-style":"default","ast-global-header-display":"","ast-banner-title-visibility":"","ast-main-header-display":"","ast-hfb-above-header-display":"","ast-hfb-below-header-display":"","ast-hfb-mobile-header-display":"","site-post-title":"disabled","ast-breadcrumbs-content":"","ast-featured-img":"","footer-sml-layout":"","ast-disable-related-posts":"","theme-transparent-header-meta":"","adv-header-id-meta":"","stick-header-meta":"","header-above-stick-meta":"","header-main-stick-meta":"","header-below-stick-meta":"","astra-migrate-meta-layouts":"default","ast-page-background-enabled":"default","ast-page-background-meta":{"desktop":{"background-color":"var(--ast-global-color-4)","background-image":"","background-repeat":"repeat","background-position":"center center","background-size":"auto","background-attachment":"scroll","background-type":"","background-media":"","overlay-type":"","overlay-color":"","overlay-opacity":"","overlay-gradient":""},"tablet":{"background-color":"","background-image":"","background-repeat":"repeat","background-position":"center center","background-size":"auto","background-attachment":"scroll","background-type":"","background-media":"","overlay-type":"","overlay-color":"","overlay-opacity":"","overlay-gradient":""},"mobile":{"background-color":"","background-image":"","background-repeat":"repeat","background-position":"center center","background-size":"auto","background-attachment":"scroll","background-type":"","background-media":"","overlay-type":"","overlay-color":"","overlay-opacity":"","overlay-gradient":""}},"ast-content-background-meta":{"desktop":{"background-color":"var(--ast-global-color-5)","background-image":"","background-repeat":"repeat","background-position":"center center","background-size":"auto","background-attachment":"scroll","background-type":"","background-media":"","overlay-type":"","overlay-color":"","overlay-opacity":"","overlay-gradient":""},"tablet":{"background-color":"var(--ast-global-color-5)","background-image":"","background-repeat":"repeat","background-position":"center center","background-size":"auto","background-attachment":"scroll","background-type":"","background-media":"","overlay-type":"","overlay-color":"","overlay-opacity":"","overlay-gradient":""},"mobile":{"background-color":"var(--ast-global-color-5)","background-image":"","background-repeat":"repeat","background-position":"center center","background-size":"auto","background-attachment":"scroll","background-type":"","background-media":"","overlay-type":"","overlay-color":"","overlay-opacity":"","overlay-gradient":""}},"footnotes":""},"class_list":["post-38","page","type-page","status-publish","hentry"],"uagb_featured_image_src":{"full":false,"thumbnail":false,"medium":false,"medium_large":false,"large":false,"1536x1536":false,"2048x2048":false,"trp-custom-language-flag":false},"uagb_author_info":{"display_name":"Jonas","author_link":"https:\/\/stecher-automation.de\/en\/author\/jonas\/"},"uagb_comment_info":0,"uagb_excerpt":"Unternehmen Stecher Automation GmbH UNTERNEHMEN We areStecher Automation GmbH Seit mehr als&nbsp;10 Jahren&nbsp;stehen wir f\u00fcr prozess\u00fcbergreifende Automatisierungsl\u00f6sungen in der Produktion. [&hellip;]","_links":{"self":[{"href":"https:\/\/stecher-automation.de\/en\/wp-json\/wp\/v2\/pages\/38","targetHints":{"allow":["GET"]}}],"collection":[{"href":"https:\/\/stecher-automation.de\/en\/wp-json\/wp\/v2\/pages"}],"about":[{"href":"https:\/\/stecher-automation.de\/en\/wp-json\/wp\/v2\/types\/page"}],"author":[{"embeddable":true,"href":"https:\/\/stecher-automation.de\/en\/wp-json\/wp\/v2\/users\/4"}],"replies":[{"embeddable":true,"href":"https:\/\/stecher-automation.de\/en\/wp-json\/wp\/v2\/comments?post=38"}],"version-history":[{"count":32,"href":"https:\/\/stecher-automation.de\/en\/wp-json\/wp\/v2\/pages\/38\/revisions"}],"predecessor-version":[{"id":2650,"href":"https:\/\/stecher-automation.de\/en\/wp-json\/wp\/v2\/pages\/38\/revisions\/2650"}],"wp:attachment":[{"href":"https:\/\/stecher-automation.de\/en\/wp-json\/wp\/v2\/media?parent=38"}],"curies":[{"name":"wp","href":"https:\/\/api.w.org\/{rel}","templated":true}]}}